{"id":1840,"date":"2024-06-06T12:47:19","date_gmt":"2024-06-06T12:47:19","guid":{"rendered":"https:\/\/air-fryer-ninja.fr\/?post_type=product&#038;p=1840"},"modified":"2025-11-19T08:14:30","modified_gmt":"2025-11-19T08:14:30","slug":"receptenboek-voor-de-airfryer","status":"publish","type":"product","link":"https:\/\/air-fryer-ninja.fr\/nl\/product-2\/receptenboek-voor-de-airfryer\/","title":{"rendered":"98 snelle, gemakkelijke en gezonde air fryer recepten"},"content":{"rendered":"<p>\ud83c\udf1f <strong>Verander uw manier van koken met ons Kookboek: Gezonde Air Fryer Recepten!<\/strong> \ud83c\udf1f<\/p>\n<p>Elke maand raadplegen 30.000 mensen onze Air fryer recepten op onze website.<\/p>\n<p>Hier zijn 98 EXCLUSIEVE gezonde recepten die u kunt downloaden en lezen op uw computer, tablet, smartphone of zelfs uitprinten.<\/p>\n<p>Wilt u uw dieet veranderen zonder aan smaak in te boeten? Wilt u recepten die snel, lekker en goed voor uw gezondheid zijn? Zoek dan niet verder! Onze <strong>Kookboek: Gezonde Air Fryer Recepten<\/strong> is speciaal ontworpen voor volwassenen die thuis lekkere en gevarieerde gerechten willen koken, van ontbijt tot diner, inclusief snacks.<\/p>\n<p><strong>Wat u leuk zult vinden aan dit boek:<\/strong><\/p>\n<p>\ud83c\udf7d <strong>Culinaire diversiteit :<\/strong> Ontdek meer dan 90 fantastische recepten, zowel zoet als hartig, ideaal voor elk moment van de dag. Of u nu op zoek bent naar een voedzaam ontbijt, een snelle lunch, een stevig diner of een gezond tussendoortje, wij hebben alles wat u nodig hebt!<\/p>\n<p>\u23f0 <strong>Snel en eenvoudig:<\/strong> Duidelijke instructies en gemakkelijk te volgen stappen, perfect voor beginners. Bereid uitgebalanceerde maaltijden in een handomdraai met uw air fryer.<\/p>\n<p>\ud83d\udcaa <strong>Gezondheid en Welzijn :<\/strong> Kies voor een gezondere levensstijl met recepten die weinig vet bevatten, zonder toegevoegde suikers en rijk zijn aan voedingsstoffen. Elk recept is ontworpen om u te helpen een evenwichtig dieet te behouden zonder aan smaak in te boeten.<\/p>\n<p>\ud83d\udcf8 <strong>Smakelijke illustraties :<\/strong> Elk recept gaat vergezeld van prachtige kleurenfoto's die u zullen doen watertanden en u zullen inspireren om te gaan koken.<\/p>\n<p><strong>Voordelen :<\/strong><\/p>\n<ul>\n<li><strong>Tijdsbesparing :<\/strong> Geen lange uren meer in de keuken! Met uw airfryer en onze recepten kunt u snel gastronomische gerechten bereiden.<\/li>\n<li><strong>Flexibiliteit :<\/strong> Idee\u00ebn voor elke maaltijd van de dag, voor alle smaken en gelegenheden.<\/li>\n<li><strong>Toegankelijkheid :<\/strong> Download het boek onmiddellijk na uw aankoop en begin meteen met koken. U hoeft niet op de levering te wachten!<\/li>\n<\/ul>\n<p><strong>Waarom voor ons boek kiezen?<\/strong><\/p>\n<p>Omdat we weten dat u het verdient om gezond te eten zonder het plezier in eten op te geven. Dit boek is uw ideale metgezel voor modern, snel en lekker koken. Elk recept is zorgvuldig getest om elke keer weer een perfect resultaat te garanderen.<\/p>\n<p><strong>Laat deze kans niet aan u voorbijgaan!<\/strong> Verander vandaag nog de manier waarop u kookt en eet. Klik op 'Toevoegen aan mandje' en krijg onmiddellijk toegang tot onze <strong>Kookboek: Gezonde Air Fryer Recepten<\/strong>. Neem uw gezondheid in eigen hand en trakteer uzelf op heerlijke zelfgemaakte maaltijden.<\/p>\n<p><strong>Bestel, download en begin meteen aan uw gezonde culinaire avontuur!<\/strong> \ud83c\udf3f\u2728<\/p>","protected":false},"excerpt":{"rendered":"<h2>BOEK IN PDF-FORMAAT. U KUNT DE RECEPTEN RAADPLEGEN WANNEER U ONLINE KOOPT IN 2 KLIKKEN<\/h2>\n<p>\ud83c\udf1f <strong>Transformeer uw keuken met gezonde, smakelijke recepten!<\/strong> \ud83c\udf1f<\/p>\n<p>Onze <strong>Kookboek: Gezonde Air Fryer Recepten<\/strong> biedt u meer dan 90 gevarieerde recepten, zowel zoet als hartig, perfect voor elk moment van de dag - van ontbijt tot diner, inclusief snacks.<\/p>\n<p><strong>Wat u leuk zult vinden:<\/strong><\/p>\n<ul>\n<li><strong>Culinaire diversiteit :<\/strong> Recepten voor elke maaltijd, voor elke smaak.<\/li>\n<li><strong>Snel en eenvoudig:<\/strong> Duidelijke, gemakkelijk te volgen instructies.<\/li>\n<li><strong>Gezondheid en Welzijn :<\/strong> Vetarme, voedzame gerechten.<\/li>\n<li><strong>Smakelijke illustraties :<\/strong> Prachtige foto's voor elk recept.<\/li>\n<\/ul>\n<p><strong>Voordelen :<\/strong><\/p>\n<ul>\n<li><strong>Tijdsbesparing :<\/strong> Bereid snel gastronomische maaltijden met uw airfryer.<\/li>\n<li><strong>Onmiddellijke toegang :<\/strong> Download het boek direct na aankoop en begin meteen met koken.<\/li>\n<\/ul>\n<p><strong>Waarom wachten?<\/strong> Klik op \"Toevoegen aan winkelwagentje\" en download onze <strong>Kookboek: Gezonde Air Fryer Recepten<\/strong> nu voor heerlijk, gezond koken! \ud83c\udf3f\u2728<\/p>","protected":false},"featured_media":1855,"comment_status":"open","ping_status":"closed","template":"","meta":{"wprm-recipe-roundup-name":"","wprm-recipe-roundup-description":""},"product_brand":[],"product_cat":[26],"product_tag":[],"class_list":{"0":"post-1840","1":"product","2":"type-product","3":"status-publish","4":"has-post-thumbnail","6":"product_cat-livre-de-cuisine","8":"first","9":"instock","10":"sale","11":"downloadable","12":"virtual","13":"sold-individually","14":"taxable","15":"purchasable","16":"product-type-simple"},"yoast_head":"<!-- This site is optimized with the Yoast SEO plugin v27.5 - https:\/\/yoast.com\/product\/yoast-seo-wordpress\/ -->\n<title>98 recettes saines, faciles et rapides au air fryer - Air fryer ninja Recettes<\/title>\n<meta name=\"robots\" content=\"index, follow, max-snippet:-1, max-image-preview:large, max-video-preview:-1\" \/>\n<link rel=\"canonical\" href=\"https:\/\/air-fryer-ninja.fr\/nl\/product-2\/receptenboek-voor-de-airfryer\/\" \/>\n<meta property=\"og:locale\" content=\"nl_NL\" \/>\n<meta property=\"og:type\" content=\"article\" \/>\n<meta property=\"og:title\" content=\"98 recettes saines, faciles et rapides au air fryer - Air fryer ninja Recettes\" \/>\n<meta property=\"og:description\" content=\"LIVRE EN VERSION PDF. VOUS POURREZ CONSULTER LES RECETTES DES L&#039;ACHAT EN LIGNE EN 2 CLICS \ud83c\udf1f Transformez votre cuisine avec des recettes saines et savoureuses ! \ud83c\udf1f  Notre Livre de Cuisine : Recettes Saines au Air Fryer vous offre plus de 90 recettes vari\u00e9es, aussi bien sucr\u00e9es que sal\u00e9es, parfaites pour chaque moment de la journ\u00e9e \u2013 du petit d\u00e9jeuner au d\u00eener, en passant par les snacks et les go\u00fbters.  Ce que vous allez adorer :   Diversit\u00e9 Culinaire : Des recettes pour chaque repas, adapt\u00e9es \u00e0 tous les go\u00fbts.  Rapidit\u00e9 et Simplicit\u00e9 : Des instructions claires et faciles \u00e0 suivre.  Sant\u00e9 et Bien-\u00eatre : Des plats faibles en gras et riches en nutriments.  Illustrations App\u00e9tissantes : De magnifiques photos pour chaque recette.  Avantages :   Gain de Temps : Pr\u00e9parez des repas gourmands rapidement avec votre air fryer.  Accessibilit\u00e9 Instantan\u00e9e : T\u00e9l\u00e9chargez le livre imm\u00e9diatement apr\u00e8s l&#039;achat et commencez \u00e0 cuisiner sans attendre.  Pourquoi attendre ? Cliquez sur &quot;Ajouter au panier&quot; et t\u00e9l\u00e9chargez notre Livre de Cuisine : Recettes Saines au Air Fryer d\u00e8s maintenant pour une cuisine saine et d\u00e9licieuse ! \ud83c\udf3f\u2728\" \/>\n<meta property=\"og:url\" content=\"https:\/\/air-fryer-ninja.fr\/nl\/product-2\/receptenboek-voor-de-airfryer\/\" \/>\n<meta property=\"og:site_name\" content=\"Air fryer ninja Recettes\" \/>\n<meta property=\"article:modified_time\" content=\"2025-11-19T08:14:30+00:00\" \/>\n<meta property=\"og:image\" content=\"https:\/\/air-fryer-ninja.fr\/wp-content\/uploads\/2024\/06\/5.png\" \/>\n\t<meta property=\"og:image:width\" content=\"2000\" \/>\n\t<meta property=\"og:image:height\" content=\"1414\" \/>\n\t<meta property=\"og:image:type\" content=\"image\/png\" \/>\n<meta name=\"twitter:card\" content=\"summary_large_image\" \/>\n<meta name=\"twitter:label1\" content=\"Verwachte leestijd\" \/>\n\t<meta name=\"twitter:data1\" content=\"3 minuten\" \/>\n<!-- \/ Yoast SEO plugin. -->","yoast_head_json":{"title":"98 recettes saines, faciles et rapides au air fryer - Air fryer ninja Recettes","robots":{"index":"index","follow":"follow","max-snippet":"max-snippet:-1","max-image-preview":"max-image-preview:large","max-video-preview":"max-video-preview:-1"},"canonical":"https:\/\/air-fryer-ninja.fr\/nl\/product-2\/receptenboek-voor-de-airfryer\/","og_locale":"nl_NL","og_type":"article","og_title":"98 recettes saines, faciles et rapides au air fryer - Air fryer ninja Recettes","og_description":"LIVRE EN VERSION PDF. VOUS POURREZ CONSULTER LES RECETTES DES L'ACHAT EN LIGNE EN 2 CLICS \ud83c\udf1f Transformez votre cuisine avec des recettes saines et savoureuses ! \ud83c\udf1f  Notre Livre de Cuisine : Recettes Saines au Air Fryer vous offre plus de 90 recettes vari\u00e9es, aussi bien sucr\u00e9es que sal\u00e9es, parfaites pour chaque moment de la journ\u00e9e \u2013 du petit d\u00e9jeuner au d\u00eener, en passant par les snacks et les go\u00fbters.  Ce que vous allez adorer :   Diversit\u00e9 Culinaire : Des recettes pour chaque repas, adapt\u00e9es \u00e0 tous les go\u00fbts.  Rapidit\u00e9 et Simplicit\u00e9 : Des instructions claires et faciles \u00e0 suivre.  Sant\u00e9 et Bien-\u00eatre : Des plats faibles en gras et riches en nutriments.  Illustrations App\u00e9tissantes : De magnifiques photos pour chaque recette.  Avantages :   Gain de Temps : Pr\u00e9parez des repas gourmands rapidement avec votre air fryer.  Accessibilit\u00e9 Instantan\u00e9e : T\u00e9l\u00e9chargez le livre imm\u00e9diatement apr\u00e8s l'achat et commencez \u00e0 cuisiner sans attendre.  Pourquoi attendre ? Cliquez sur \"Ajouter au panier\" et t\u00e9l\u00e9chargez notre Livre de Cuisine : Recettes Saines au Air Fryer d\u00e8s maintenant pour une cuisine saine et d\u00e9licieuse ! \ud83c\udf3f\u2728","og_url":"https:\/\/air-fryer-ninja.fr\/nl\/product-2\/receptenboek-voor-de-airfryer\/","og_site_name":"Air fryer ninja Recettes","article_modified_time":"2025-11-19T08:14:30+00:00","og_image":[{"width":2000,"height":1414,"url":"https:\/\/air-fryer-ninja.fr\/wp-content\/uploads\/2024\/06\/5.png","type":"image\/png"}],"twitter_card":"summary_large_image","twitter_misc":{"Verwachte leestijd":"3 minuten"},"schema":{"@context":"https:\/\/schema.org","@graph":[{"@type":"WebPage","@id":"https:\/\/air-fryer-ninja.fr\/produit\/livre-recettes-air-fryer\/","url":"https:\/\/air-fryer-ninja.fr\/produit\/livre-recettes-air-fryer\/","name":"98 recettes saines, faciles et rapides au air fryer - Air fryer ninja Recettes","isPartOf":{"@id":"https:\/\/air-fryer-ninja.fr\/#website"},"primaryImageOfPage":{"@id":"https:\/\/air-fryer-ninja.fr\/produit\/livre-recettes-air-fryer\/#primaryimage"},"image":{"@id":"https:\/\/air-fryer-ninja.fr\/produit\/livre-recettes-air-fryer\/#primaryimage"},"thumbnailUrl":"https:\/\/air-fryer-ninja.fr\/wp-content\/uploads\/2024\/06\/5.png","datePublished":"2024-06-06T12:47:19+00:00","dateModified":"2025-11-19T08:14:30+00:00","breadcrumb":{"@id":"https:\/\/air-fryer-ninja.fr\/produit\/livre-recettes-air-fryer\/#breadcrumb"},"inLanguage":"nl-NL","potentialAction":[{"@type":"ReadAction","target":["https:\/\/air-fryer-ninja.fr\/produit\/livre-recettes-air-fryer\/"]}]},{"@type":"ImageObject","inLanguage":"nl-NL","@id":"https:\/\/air-fryer-ninja.fr\/produit\/livre-recettes-air-fryer\/#primaryimage","url":"https:\/\/air-fryer-ninja.fr\/wp-content\/uploads\/2024\/06\/5.png","contentUrl":"https:\/\/air-fryer-ninja.fr\/wp-content\/uploads\/2024\/06\/5.png","width":2000,"height":1414},{"@type":"BreadcrumbList","@id":"https:\/\/air-fryer-ninja.fr\/produit\/livre-recettes-air-fryer\/#breadcrumb","itemListElement":[{"@type":"ListItem","position":1,"name":"Recette Air Fryer","item":"https:\/\/air-fryer-ninja.fr\/"},{"@type":"ListItem","position":2,"name":"Boutique","item":"https:\/\/air-fryer-ninja.fr\/boutique\/"},{"@type":"ListItem","position":3,"name":"98 recettes saines, faciles et rapides au air fryer"}]},{"@type":"WebSite","@id":"https:\/\/air-fryer-ninja.fr\/#website","url":"https:\/\/air-fryer-ninja.fr\/","name":"Luchtfriteuse ninja","description":"Luchtfriteuse ninja receptenblog","publisher":{"@id":"https:\/\/air-fryer-ninja.fr\/#organization"},"potentialAction":[{"@type":"SearchAction","target":{"@type":"EntryPoint","urlTemplate":"https:\/\/air-fryer-ninja.fr\/?s={search_term_string}"},"query-input":{"@type":"PropertyValueSpecification","valueRequired":true,"valueName":"search_term_string"}}],"inLanguage":"nl-NL"},{"@type":"Organization","@id":"https:\/\/air-fryer-ninja.fr\/#organization","name":"Luchtfriteuse ninja","url":"https:\/\/air-fryer-ninja.fr\/","logo":{"@type":"ImageObject","inLanguage":"nl-NL","@id":"https:\/\/air-fryer-ninja.fr\/#\/schema\/logo\/image\/","url":"https:\/\/air-fryer-ninja.fr\/wp-content\/uploads\/2022\/09\/air-fryer-ninja.png","contentUrl":"https:\/\/air-fryer-ninja.fr\/wp-content\/uploads\/2022\/09\/air-fryer-ninja.png","width":500,"height":90,"caption":"Air fryer ninja"},"image":{"@id":"https:\/\/air-fryer-ninja.fr\/#\/schema\/logo\/image\/"}}]}},"_links":{"self":[{"href":"https:\/\/air-fryer-ninja.fr\/nl\/wp-json\/wp\/v2\/product\/1840","targetHints":{"allow":["GET"]}}],"collection":[{"href":"https:\/\/air-fryer-ninja.fr\/nl\/wp-json\/wp\/v2\/product"}],"about":[{"href":"https:\/\/air-fryer-ninja.fr\/nl\/wp-json\/wp\/v2\/types\/product"}],"replies":[{"embeddable":true,"href":"https:\/\/air-fryer-ninja.fr\/nl\/wp-json\/wp\/v2\/comments?post=1840"}],"wp:featuredmedia":[{"embeddable":true,"href":"https:\/\/air-fryer-ninja.fr\/nl\/wp-json\/wp\/v2\/media\/1855"}],"wp:attachment":[{"href":"https:\/\/air-fryer-ninja.fr\/nl\/wp-json\/wp\/v2\/media?parent=1840"}],"wp:term":[{"taxonomy":"product_brand","embeddable":true,"href":"https:\/\/air-fryer-ninja.fr\/nl\/wp-json\/wp\/v2\/product_brand?post=1840"},{"taxonomy":"product_cat","embeddable":true,"href":"https:\/\/air-fryer-ninja.fr\/nl\/wp-json\/wp\/v2\/product_cat?post=1840"},{"taxonomy":"product_tag","embeddable":true,"href":"https:\/\/air-fryer-ninja.fr\/nl\/wp-json\/wp\/v2\/product_tag?post=1840"}],"curies":[{"name":"wp","href":"https:\/\/api.w.org\/{rel}","templated":true}]}}