{"id":1840,"date":"2024-06-06T12:47:19","date_gmt":"2024-06-06T12:47:19","guid":{"rendered":"https:\/\/air-fryer-ninja.fr\/?post_type=product&#038;p=1840"},"modified":"2025-11-19T08:14:30","modified_gmt":"2025-11-19T08:14:30","slug":"%ec%97%90%ec%96%b4%ed%94%84%eb%9d%bc%ec%9d%b4%ec%96%b4-%eb%a0%88%ec%8b%9c%ed%94%bc%eb%b6%81","status":"publish","type":"product","link":"https:\/\/air-fryer-ninja.fr\/ko\/%ec%a0%9c%ed%92%88\/%ec%97%90%ec%96%b4%ed%94%84%eb%9d%bc%ec%9d%b4%ec%96%b4-%eb%a0%88%ec%8b%9c%ed%94%bc%eb%b6%81\/","title":{"rendered":"\ube60\ub974\uace0 \uc27d\uace0 \uac74\uac15\ud55c \uc5d0\uc5b4\ud504\ub77c\uc774\uc5b4 \ub808\uc2dc\ud53c 98\uac00\uc9c0"},"content":{"rendered":"<p>\ud83c\udf1f <strong>\uc5d0\uc5b4\ud504\ub77c\uc774\uc5b4 \uc694\ub9ac\ucc45: \uac74\uac15\ud55c \uc5d0\uc5b4\ud504\ub77c\uc774\uc5b4 \ub808\uc2dc\ud53c\ub85c \uc694\ub9ac\uc5d0 \ud601\uc2e0\uc744 \uac00\uc838\uc640 \ubcf4\uc138\uc694!<\/strong> \ud83c\udf1f<\/p>\n<p>\ub9e4\ub2ec 30,000\uba85\uc758 \uc0ac\ub78c\ub4e4\uc774 \uc6f9\uc0ac\uc774\ud2b8\uc5d0\uc11c \uc5d0\uc5b4\ud504\ub77c\uc774\uc5b4 \ub808\uc2dc\ud53c\ub97c \ucc38\uace0\ud569\ub2c8\ub2e4.<\/p>\n<p>\ucef4\ud4e8\ud130, \ud0dc\ube14\ub9bf, \uc2a4\ub9c8\ud2b8\ud3f0\uc5d0\uc11c \ub2e4\uc6b4\ub85c\ub4dc\ud558\uc5ec \uc77d\uac70\ub098 \uc778\uc1c4\ud560 \uc218 \uc788\ub294 98\uac00\uc9c0 \ub3c5\uc810 \uac74\uac15 \ub808\uc2dc\ud53c\ub97c \uc18c\uac1c\ud569\ub2c8\ub2e4.<\/p>\n<p>\ub9db\uc740 \uadf8\ub300\ub85c \uc720\uc9c0\ud558\uba74\uc11c \uc2dd\ub2e8\uc744 \ubc14\uafb8\uace0 \uc2f6\uc73c\uc2e0\uac00\uc694? \ube60\ub974\uace0 \ub9db\uc788\uace0 \uac74\uac15\uc5d0\ub3c4 \uc88b\uc740 \ub808\uc2dc\ud53c\ub97c \uc6d0\ud558\uc2dc\ub098\uc694? \uadf8\ub807\ub2e4\uba74 \ub354 \uc774\uc0c1 \uace0\ubbfc\ud558\uc9c0 \ub9c8\uc138\uc694! \uc6b0\ub9ac\uc758 <strong>\uc694\ub9ac\ucc45: \uac74\uac15\ud55c \uc5d0\uc5b4\ud504\ub77c\uc774\uc5b4 \ub808\uc2dc\ud53c<\/strong> \ub294 \uac04\uc2dd\uc744 \ud3ec\ud568\ud574 \uc544\uce68\ubd80\ud130 \uc800\ub141\uae4c\uc9c0 \uc9d1\uc5d0\uc11c \ub9db\uc788\uace0 \ub2e4\uc591\ud55c \uc694\ub9ac\ub97c \ub9cc\ub4e4\uace0 \uc2f6\uc740 \uc131\uc778\ub4e4\uc744 \uc704\ud574 \ud2b9\ubcc4\ud788 \uace0\uc548\ub41c \uc81c\ud488\uc785\ub2c8\ub2e4.<\/p>\n<p><strong>\uc774 \ucc45\uc774 \ub9c8\uc74c\uc5d0 \ub4dc\ub294 \uc774\uc720<\/strong><\/p>\n<p>\ud83c\udf7d <strong>\uc694\ub9ac\uc758 \ub2e4\uc591\uc131 :<\/strong> \ud558\ub8e8\uc758 \ubaa8\ub4e0 \uc21c\uac04\uc5d0 \uc5b4\uc6b8\ub9ac\ub294 \ub2ec\ucf64\ud558\uace0 \ud48d\ubbf8 \uac00\ub4dd\ud55c 90\uc5ec \uac00\uc9c0\uc758 \ub180\ub77c\uc6b4 \ub808\uc2dc\ud53c\ub97c \ub9cc\ub098\ubcf4\uc138\uc694. \uc601\uc591\uac00 \uc788\ub294 \uc544\uce68, \uac04\ub2e8\ud55c \uc810\uc2ec, \ud48d\uc131\ud55c \uc800\ub141, \uac74\uac15\ud55c \uac04\uc2dd \ub4f1 \ud544\uc694\ud55c \ubaa8\ub4e0 \uac83\uc744 \uac16\ucd94\uace0 \uc788\uc2b5\ub2c8\ub2e4!<\/p>\n<p>\u23f0 <strong>\ube60\ub974\uace0 \uc27d\uc2b5\ub2c8\ub2e4:<\/strong> \uba85\ud655\ud55c \uc124\uba85\uacfc \ub530\ub77c\ud558\uae30 \uc26c\uc6b4 \ub2e8\uacc4\ub85c \ucd08\ubcf4\uc790\ub3c4 \uc27d\uac8c \uc0ac\uc6a9\ud560 \uc218 \uc788\uc2b5\ub2c8\ub2e4. \uc5d0\uc5b4\ud504\ub77c\uc774\uc5b4\ub85c \uade0\ud615 \uc7a1\ud78c \uc2dd\uc0ac\ub97c \uc21c\uc2dd\uac04\uc5d0 \uc900\ube44\ud558\uc138\uc694.<\/p>\n<p>\ud83d\udcaa <strong>\uac74\uac15 \ubc0f \uc6f0\ube59 :<\/strong> \uc9c0\ubc29 \ud568\ub7c9\uc774 \ub0ae\uace0 \uc124\ud0d5\uc774 \ucca8\uac00\ub418\uc9c0 \uc54a\uc558\uc73c\uba70 \uc601\uc591\uc18c\uac00 \ud48d\ubd80\ud55c \ub808\uc2dc\ud53c\ub85c \ub354 \uac74\uac15\ud55c \ub77c\uc774\ud504\uc2a4\ud0c0\uc77c\uc744 \uc2e4\ucc9c\ud558\uc138\uc694. \uac01 \ub808\uc2dc\ud53c\ub294 \ub9db\uc740 \uadf8\ub300\ub85c \uc720\uc9c0\ud558\uba74\uc11c \uade0\ud615 \uc7a1\ud78c \uc2dd\ub2e8\uc744 \uc720\uc9c0\ud558\ub294 \ub370 \ub3c4\uc6c0\uc774 \ub418\ub3c4\ub85d \uc124\uacc4\ub418\uc5c8\uc2b5\ub2c8\ub2e4.<\/p>\n<p>\ud83d\udcf8 <strong>\uc2dd\uc695\uc744 \ub3cb\uc6b0\ub294 \uc77c\ub7ec\uc2a4\ud2b8\ub808\uc774\uc158 :<\/strong> \uac01 \ub808\uc2dc\ud53c\uc5d0\ub294 \uad70\uce68\uc774 \ub3cc\uac8c \ud558\ub294 \uba4b\uc9c4 \ud480\uceec\ub7ec \uc0ac\uc9c4\uc774 \ud568\uaed8 \uc81c\uacf5\ub418\uc5b4 \uc694\ub9ac\uc5d0 \ub300\ud55c \uc601\uac10\uc744 \ubd88\ub7ec\uc77c\uc73c\ud0b5\ub2c8\ub2e4.<\/p>\n<p><strong>\uc7a5\uc810 :<\/strong><\/p>\n<ul>\n<li><strong>\uc2dc\uac04 \uc808\uc57d :<\/strong> \ub354 \uc774\uc0c1 \uc8fc\ubc29\uc5d0\uc11c \uc624\ub79c \uc2dc\uac04\uc744 \ud5c8\ube44\ud558\uc9c0 \ub9c8\uc138\uc694! \uc5d0\uc5b4\ud504\ub77c\uc774\uc5b4\uc640 \ub808\uc2dc\ud53c\ub9cc \uc788\uc73c\uba74 \ub9db\uc788\ub294 \uc694\ub9ac\ub97c \ube60\ub974\uac8c \uc900\ube44\ud560 \uc218 \uc788\uc2b5\ub2c8\ub2e4.<\/li>\n<li><strong>\uc720\uc5f0\uc131 :<\/strong> \ubaa8\ub4e0 \ucde8\ud5a5\uacfc \uc0c1\ud669\uc5d0 \ub9de\ub294 \ud558\ub8e8\uc758 \ubaa8\ub4e0 \uc2dd\uc0ac\ub97c \uc704\ud55c \uc544\uc774\ub514\uc5b4.<\/li>\n<li><strong>\uc811\uadfc\uc131 :<\/strong> \uad6c\ub9e4 \ud6c4 \uc989\uc2dc \ucc45\uc744 \ub2e4\uc6b4\ub85c\ub4dc\ud558\uace0 \ubc14\ub85c \uc694\ub9ac\ub97c \uc2dc\uc791\ud558\uc138\uc694. \ubc30\uc1a1\uc744 \uae30\ub2e4\ub9b4 \ud544\uc694\uac00 \uc5c6\uc2b5\ub2c8\ub2e4!<\/li>\n<\/ul>\n<p><strong>\uc65c \uc6b0\ub9ac \ucc45\uc744 \uc120\ud0dd\ud574\uc57c \ud560\uae4c\uc694?<\/strong><\/p>\n<p>\uba39\ub294 \uc990\uac70\uc6c0\uc744 \ud3ec\uae30\ud558\uc9c0 \uc54a\uc73c\uba74\uc11c\ub3c4 \uac74\uac15\ud558\uac8c \uba39\uc744 \uc790\uaca9\uc774 \uc788\ub2e4\ub294 \uac83\uc744 \uc54c\uae30 \ub54c\ubb38\uc785\ub2c8\ub2e4. \uc774 \ucc45\uc740 \ud604\ub300\uc801\uc774\uace0 \ube60\ub974\uace0 \ub9db\uc788\ub294 \uc694\ub9ac\ub97c \uc704\ud55c \uc774\uc0c1\uc801\uc778 \ub3d9\ubc18\uc790\uc785\ub2c8\ub2e4. \uac01 \ub808\uc2dc\ud53c\ub294 \ub9e4\ubc88 \uc644\ubcbd\ud55c \uacb0\uacfc\ub97c \ubcf4\uc7a5\ud558\uae30 \uc704\ud574 \uc138\uc2ec\ud55c \ud14c\uc2a4\ud2b8\ub97c \uac70\ucce4\uc2b5\ub2c8\ub2e4.<\/p>\n<p><strong>\uc774 \uae30\ud68c\ub97c \ub193\uce58\uc9c0 \ub9c8\uc138\uc694!<\/strong> \uc624\ub298 \uc694\ub9ac\ud558\uace0 \uba39\ub294 \ubc29\uc2dd\uc744 \ubc14\uafd4\ubcf4\uc138\uc694. '\uc7a5\ubc14\uad6c\ub2c8\uc5d0 \ucd94\uac00'\ub97c \ud074\ub9ad\ud558\uace0 \uc989\uc2dc \uc561\uc138\uc2a4\ud558\uc138\uc694. <strong>\uc694\ub9ac\ucc45: \uac74\uac15\ud55c \uc5d0\uc5b4\ud504\ub77c\uc774\uc5b4 \ub808\uc2dc\ud53c<\/strong>. \uac74\uac15\uc744 \uad00\ub9ac\ud558\uace0 \ub9db\uc788\ub294 \uac00\uc815\uc2dd \uc694\ub9ac\ub97c \uc990\uaca8 \ubcf4\uc138\uc694.<\/p>\n<p><strong>\uc8fc\ubb38\ud558\uace0 \ub2e4\uc6b4\ub85c\ub4dc\ud558\uc5ec \uac74\uac15\ud55c \uc694\ub9ac \ubaa8\ud5d8\uc744 \ubc14\ub85c \uc2dc\uc791\ud558\uc138\uc694!<\/strong> \ud83c\udf3f\u2728<\/p>","protected":false},"excerpt":{"rendered":"<h2>PDF \ud615\uc2dd\uc73c\ub85c \uc608\uc57d\ud558\uc138\uc694. \uc628\ub77c\uc778 \uad6c\ub9e4 \uc2dc 2\ubc88\uc758 \ud074\ub9ad\uc73c\ub85c \ub808\uc2dc\ud53c\ub97c \ucc38\uace0\ud560 \uc218 \uc788\uc2b5\ub2c8\ub2e4.<\/h2>\n<p>\ud83c\udf1f <strong>\uac74\uac15\ud558\uace0 \ub9db\uc788\ub294 \ub808\uc2dc\ud53c\ub85c \uc8fc\ubc29\uc744 \ubcc0\ud654\uc2dc\ucf1c \ubcf4\uc138\uc694!<\/strong> \ud83c\udf1f<\/p>\n<p>\uc6b0\ub9ac\uc758 <strong>\uc694\ub9ac\ucc45: \uac74\uac15\ud55c \uc5d0\uc5b4\ud504\ub77c\uc774\uc5b4 \ub808\uc2dc\ud53c<\/strong> \ub294 \uc544\uce68\ubd80\ud130 \uc800\ub141\uae4c\uc9c0, \uac04\uc2dd\uc744 \ud3ec\ud568\ud55c \ud558\ub8e8\uc758 \ubaa8\ub4e0 \uc21c\uac04\uc5d0 \uc5b4\uc6b8\ub9ac\ub294 \ub2ec\ucf64\ud558\uace0 \ud48d\ubbf8 \uac00\ub4dd\ud55c 90\uac00\uc9c0 \uc774\uc0c1\uc758 \ub2e4\uc591\ud55c \ub808\uc2dc\ud53c\ub97c \uc81c\uacf5\ud569\ub2c8\ub2e4.<\/p>\n<p><strong>\uc88b\uc544\ud560 \ub9cc\ud55c \uae30\ub2a5:<\/strong><\/p>\n<ul>\n<li><strong>\uc694\ub9ac\uc758 \ub2e4\uc591\uc131 :<\/strong> \ubaa8\ub4e0 \uc785\ub9db\uc5d0 \ub9de\ub294 \ubaa8\ub4e0 \uc2dd\uc0ac \ub808\uc2dc\ud53c.<\/li>\n<li><strong>\ube60\ub974\uace0 \uc27d\uc2b5\ub2c8\ub2e4:<\/strong> \uba85\ud655\ud558\uace0 \ub530\ub77c \ud558\uae30 \uc26c\uc6b4 \uc9c0\uce68.<\/li>\n<li><strong>\uac74\uac15 \ubc0f \uc6f0\ube59 :<\/strong> \uc800\uc9c0\ubc29, \uc601\uc591\uc774 \ud48d\ubd80\ud55c \uc694\ub9ac.<\/li>\n<li><strong>\uc2dd\uc695\uc744 \ub3cb\uc6b0\ub294 \uc77c\ub7ec\uc2a4\ud2b8\ub808\uc774\uc158 :<\/strong> \uac01 \ub808\uc2dc\ud53c\uc5d0 \ub300\ud55c \uba4b\uc9c4 \uc0ac\uc9c4.<\/li>\n<\/ul>\n<p><strong>\uc7a5\uc810 :<\/strong><\/p>\n<ul>\n<li><strong>\uc2dc\uac04 \uc808\uc57d :<\/strong> \uc5d0\uc5b4\ud504\ub77c\uc774\uc5b4\ub85c \ub9db\uc788\ub294 \uc694\ub9ac\ub97c \ube60\ub974\uac8c \uc900\ube44\ud558\uc138\uc694.<\/li>\n<li><strong>\uc989\uc2dc \uc561\uc138\uc2a4 :<\/strong> \uad6c\ub9e4 \ud6c4 \uc989\uc2dc \ucc45\uc744 \ub2e4\uc6b4\ub85c\ub4dc\ud558\uace0 \ubc14\ub85c \uc694\ub9ac\ub97c \uc2dc\uc791\ud558\uc138\uc694.<\/li>\n<\/ul>\n<p><strong>\uc65c \uae30\ub2e4\ub9ac\ub098\uc694?<\/strong> \"\uc7a5\ubc14\uad6c\ub2c8\uc5d0 \ucd94\uac00\"\ub97c \ud074\ub9ad\ud558\uace0 \ub2e4\uc74c\uc744 \ub2e4\uc6b4\ub85c\ub4dc\ud558\uc2ed\uc2dc\uc624. <strong>\uc694\ub9ac\ucc45: \uac74\uac15\ud55c \uc5d0\uc5b4\ud504\ub77c\uc774\uc5b4 \ub808\uc2dc\ud53c<\/strong> \uc774\uc81c \ub9db\uc788\uace0 \uac74\uac15\ud55c \uc694\ub9ac\ub97c \uc990\uaca8\ubcf4\uc138\uc694! \ud83c\udf3f\u2728<\/p>","protected":false},"featured_media":1855,"comment_status":"open","ping_status":"closed","template":"","meta":{"wprm-recipe-roundup-name":"","wprm-recipe-roundup-description":""},"product_brand":[],"product_cat":[26],"product_tag":[],"class_list":{"0":"post-1840","1":"product","2":"type-product","3":"status-publish","4":"has-post-thumbnail","6":"product_cat-livre-de-cuisine","8":"first","9":"instock","10":"sale","11":"downloadable","12":"virtual","13":"sold-individually","14":"taxable","15":"purchasable","16":"product-type-simple"},"yoast_head":"<!-- This site is optimized with the Yoast SEO plugin v27.5 - https:\/\/yoast.com\/product\/yoast-seo-wordpress\/ -->\n<title>98 recettes saines, faciles et rapides au air fryer - Air fryer ninja Recettes<\/title>\n<meta name=\"robots\" content=\"index, follow, max-snippet:-1, max-image-preview:large, max-video-preview:-1\" \/>\n<link rel=\"canonical\" href=\"https:\/\/air-fryer-ninja.fr\/ko\/\uc81c\ud488\/\uc5d0\uc5b4\ud504\ub77c\uc774\uc5b4-\ub808\uc2dc\ud53c\ubd81\/\" \/>\n<meta property=\"og:locale\" content=\"ko_KR\" \/>\n<meta property=\"og:type\" content=\"article\" \/>\n<meta property=\"og:title\" content=\"98 recettes saines, faciles et rapides au air fryer - Air fryer ninja Recettes\" \/>\n<meta property=\"og:description\" content=\"LIVRE EN VERSION PDF. VOUS POURREZ CONSULTER LES RECETTES DES L&#039;ACHAT EN LIGNE EN 2 CLICS \ud83c\udf1f Transformez votre cuisine avec des recettes saines et savoureuses ! \ud83c\udf1f  Notre Livre de Cuisine : Recettes Saines au Air Fryer vous offre plus de 90 recettes vari\u00e9es, aussi bien sucr\u00e9es que sal\u00e9es, parfaites pour chaque moment de la journ\u00e9e \u2013 du petit d\u00e9jeuner au d\u00eener, en passant par les snacks et les go\u00fbters.  Ce que vous allez adorer :   Diversit\u00e9 Culinaire : Des recettes pour chaque repas, adapt\u00e9es \u00e0 tous les go\u00fbts.  Rapidit\u00e9 et Simplicit\u00e9 : Des instructions claires et faciles \u00e0 suivre.  Sant\u00e9 et Bien-\u00eatre : Des plats faibles en gras et riches en nutriments.  Illustrations App\u00e9tissantes : De magnifiques photos pour chaque recette.  Avantages :   Gain de Temps : Pr\u00e9parez des repas gourmands rapidement avec votre air fryer.  Accessibilit\u00e9 Instantan\u00e9e : T\u00e9l\u00e9chargez le livre imm\u00e9diatement apr\u00e8s l&#039;achat et commencez \u00e0 cuisiner sans attendre.  Pourquoi attendre ? Cliquez sur &quot;Ajouter au panier&quot; et t\u00e9l\u00e9chargez notre Livre de Cuisine : Recettes Saines au Air Fryer d\u00e8s maintenant pour une cuisine saine et d\u00e9licieuse ! \ud83c\udf3f\u2728\" \/>\n<meta property=\"og:url\" content=\"https:\/\/air-fryer-ninja.fr\/ko\/\uc81c\ud488\/\uc5d0\uc5b4\ud504\ub77c\uc774\uc5b4-\ub808\uc2dc\ud53c\ubd81\/\" \/>\n<meta property=\"og:site_name\" content=\"Air fryer ninja Recettes\" \/>\n<meta property=\"article:modified_time\" content=\"2025-11-19T08:14:30+00:00\" \/>\n<meta property=\"og:image\" content=\"https:\/\/air-fryer-ninja.fr\/wp-content\/uploads\/2024\/06\/5.png\" \/>\n\t<meta property=\"og:image:width\" content=\"2000\" \/>\n\t<meta property=\"og:image:height\" content=\"1414\" \/>\n\t<meta property=\"og:image:type\" content=\"image\/png\" \/>\n<meta name=\"twitter:card\" content=\"summary_large_image\" \/>\n<meta name=\"twitter:label1\" content=\"\uc608\uc0c1 \ub418\ub294 \ud310\ub3c5 \uc2dc\uac04\" \/>\n\t<meta name=\"twitter:data1\" content=\"3\ubd84\" \/>\n<!-- \/ Yoast SEO plugin. -->","yoast_head_json":{"title":"98 recettes saines, faciles et rapides au air fryer - Air fryer ninja Recettes","robots":{"index":"index","follow":"follow","max-snippet":"max-snippet:-1","max-image-preview":"max-image-preview:large","max-video-preview":"max-video-preview:-1"},"canonical":"https:\/\/air-fryer-ninja.fr\/ko\/\uc81c\ud488\/\uc5d0\uc5b4\ud504\ub77c\uc774\uc5b4-\ub808\uc2dc\ud53c\ubd81\/","og_locale":"ko_KR","og_type":"article","og_title":"98 recettes saines, faciles et rapides au air fryer - Air fryer ninja Recettes","og_description":"LIVRE EN VERSION PDF. VOUS POURREZ CONSULTER LES RECETTES DES L'ACHAT EN LIGNE EN 2 CLICS \ud83c\udf1f Transformez votre cuisine avec des recettes saines et savoureuses ! \ud83c\udf1f  Notre Livre de Cuisine : Recettes Saines au Air Fryer vous offre plus de 90 recettes vari\u00e9es, aussi bien sucr\u00e9es que sal\u00e9es, parfaites pour chaque moment de la journ\u00e9e \u2013 du petit d\u00e9jeuner au d\u00eener, en passant par les snacks et les go\u00fbters.  Ce que vous allez adorer :   Diversit\u00e9 Culinaire : Des recettes pour chaque repas, adapt\u00e9es \u00e0 tous les go\u00fbts.  Rapidit\u00e9 et Simplicit\u00e9 : Des instructions claires et faciles \u00e0 suivre.  Sant\u00e9 et Bien-\u00eatre : Des plats faibles en gras et riches en nutriments.  Illustrations App\u00e9tissantes : De magnifiques photos pour chaque recette.  Avantages :   Gain de Temps : Pr\u00e9parez des repas gourmands rapidement avec votre air fryer.  Accessibilit\u00e9 Instantan\u00e9e : T\u00e9l\u00e9chargez le livre imm\u00e9diatement apr\u00e8s l'achat et commencez \u00e0 cuisiner sans attendre.  Pourquoi attendre ? Cliquez sur \"Ajouter au panier\" et t\u00e9l\u00e9chargez notre Livre de Cuisine : Recettes Saines au Air Fryer d\u00e8s maintenant pour une cuisine saine et d\u00e9licieuse ! \ud83c\udf3f\u2728","og_url":"https:\/\/air-fryer-ninja.fr\/ko\/\uc81c\ud488\/\uc5d0\uc5b4\ud504\ub77c\uc774\uc5b4-\ub808\uc2dc\ud53c\ubd81\/","og_site_name":"Air fryer ninja Recettes","article_modified_time":"2025-11-19T08:14:30+00:00","og_image":[{"width":2000,"height":1414,"url":"https:\/\/air-fryer-ninja.fr\/wp-content\/uploads\/2024\/06\/5.png","type":"image\/png"}],"twitter_card":"summary_large_image","twitter_misc":{"\uc608\uc0c1 \ub418\ub294 \ud310\ub3c5 \uc2dc\uac04":"3\ubd84"},"schema":{"@context":"https:\/\/schema.org","@graph":[{"@type":"WebPage","@id":"https:\/\/air-fryer-ninja.fr\/produit\/livre-recettes-air-fryer\/","url":"https:\/\/air-fryer-ninja.fr\/produit\/livre-recettes-air-fryer\/","name":"98 recettes saines, faciles et rapides au air fryer - Air fryer ninja Recettes","isPartOf":{"@id":"https:\/\/air-fryer-ninja.fr\/#website"},"primaryImageOfPage":{"@id":"https:\/\/air-fryer-ninja.fr\/produit\/livre-recettes-air-fryer\/#primaryimage"},"image":{"@id":"https:\/\/air-fryer-ninja.fr\/produit\/livre-recettes-air-fryer\/#primaryimage"},"thumbnailUrl":"https:\/\/air-fryer-ninja.fr\/wp-content\/uploads\/2024\/06\/5.png","datePublished":"2024-06-06T12:47:19+00:00","dateModified":"2025-11-19T08:14:30+00:00","breadcrumb":{"@id":"https:\/\/air-fryer-ninja.fr\/produit\/livre-recettes-air-fryer\/#breadcrumb"},"inLanguage":"ko-KR","potentialAction":[{"@type":"ReadAction","target":["https:\/\/air-fryer-ninja.fr\/produit\/livre-recettes-air-fryer\/"]}]},{"@type":"ImageObject","inLanguage":"ko-KR","@id":"https:\/\/air-fryer-ninja.fr\/produit\/livre-recettes-air-fryer\/#primaryimage","url":"https:\/\/air-fryer-ninja.fr\/wp-content\/uploads\/2024\/06\/5.png","contentUrl":"https:\/\/air-fryer-ninja.fr\/wp-content\/uploads\/2024\/06\/5.png","width":2000,"height":1414},{"@type":"BreadcrumbList","@id":"https:\/\/air-fryer-ninja.fr\/produit\/livre-recettes-air-fryer\/#breadcrumb","itemListElement":[{"@type":"ListItem","position":1,"name":"Recette Air Fryer","item":"https:\/\/air-fryer-ninja.fr\/"},{"@type":"ListItem","position":2,"name":"Boutique","item":"https:\/\/air-fryer-ninja.fr\/boutique\/"},{"@type":"ListItem","position":3,"name":"98 recettes saines, faciles et rapides au air fryer"}]},{"@type":"WebSite","@id":"https:\/\/air-fryer-ninja.fr\/#website","url":"https:\/\/air-fryer-ninja.fr\/","name":"\uc5d0\uc5b4 \ud504\ub77c\uc774\uc5b4 \ub2cc\uc790","description":"\uc5d0\uc5b4\ud504\ub77c\uc774\uc5b4 \ub2cc\uc790 \ub808\uc2dc\ud53c \ube14\ub85c\uadf8","publisher":{"@id":"https:\/\/air-fryer-ninja.fr\/#organization"},"potentialAction":[{"@type":"SearchAction","target":{"@type":"EntryPoint","urlTemplate":"https:\/\/air-fryer-ninja.fr\/?s={search_term_string}"},"query-input":{"@type":"PropertyValueSpecification","valueRequired":true,"valueName":"search_term_string"}}],"inLanguage":"ko-KR"},{"@type":"Organization","@id":"https:\/\/air-fryer-ninja.fr\/#organization","name":"\uc5d0\uc5b4 \ud504\ub77c\uc774\uc5b4 \ub2cc\uc790","url":"https:\/\/air-fryer-ninja.fr\/","logo":{"@type":"ImageObject","inLanguage":"ko-KR","@id":"https:\/\/air-fryer-ninja.fr\/#\/schema\/logo\/image\/","url":"https:\/\/air-fryer-ninja.fr\/wp-content\/uploads\/2022\/09\/air-fryer-ninja.png","contentUrl":"https:\/\/air-fryer-ninja.fr\/wp-content\/uploads\/2022\/09\/air-fryer-ninja.png","width":500,"height":90,"caption":"Air fryer ninja"},"image":{"@id":"https:\/\/air-fryer-ninja.fr\/#\/schema\/logo\/image\/"}}]}},"_links":{"self":[{"href":"https:\/\/air-fryer-ninja.fr\/ko\/wp-json\/wp\/v2\/product\/1840","targetHints":{"allow":["GET"]}}],"collection":[{"href":"https:\/\/air-fryer-ninja.fr\/ko\/wp-json\/wp\/v2\/product"}],"about":[{"href":"https:\/\/air-fryer-ninja.fr\/ko\/wp-json\/wp\/v2\/types\/product"}],"replies":[{"embeddable":true,"href":"https:\/\/air-fryer-ninja.fr\/ko\/wp-json\/wp\/v2\/comments?post=1840"}],"wp:featuredmedia":[{"embeddable":true,"href":"https:\/\/air-fryer-ninja.fr\/ko\/wp-json\/wp\/v2\/media\/1855"}],"wp:attachment":[{"href":"https:\/\/air-fryer-ninja.fr\/ko\/wp-json\/wp\/v2\/media?parent=1840"}],"wp:term":[{"taxonomy":"product_brand","embeddable":true,"href":"https:\/\/air-fryer-ninja.fr\/ko\/wp-json\/wp\/v2\/product_brand?post=1840"},{"taxonomy":"product_cat","embeddable":true,"href":"https:\/\/air-fryer-ninja.fr\/ko\/wp-json\/wp\/v2\/product_cat?post=1840"},{"taxonomy":"product_tag","embeddable":true,"href":"https:\/\/air-fryer-ninja.fr\/ko\/wp-json\/wp\/v2\/product_tag?post=1840"}],"curies":[{"name":"wp","href":"https:\/\/api.w.org\/{rel}","templated":true}]}}